{"id":21,"date":"2023-07-11T16:25:21","date_gmt":"2023-07-11T16:25:21","guid":{"rendered":"https:\/\/satakunnanase.fi\/?page_id=21"},"modified":"2025-11-30T20:42:57","modified_gmt":"2025-11-30T20:42:57","slug":"palvelut","status":"publish","type":"page","link":"https:\/\/satakunnanase.fi\/index.php\/palvelut\/","title":{"rendered":"Palvelut"},"content":{"rendered":"\n<ul class=\"wp-block-list has-cyan-bluish-gray-color has-text-color has-link-color wp-elements-499f749c319e2f30d154387de71f7e2a\">\n<li id=\"yl\u00f6s-palvelut\"><a href=\"#mitta-tilaus\">Mittatilaustukit<\/a><\/li>\n<\/ul>\n\n\n\n<ul class=\"wp-block-list has-black-color has-text-color has-link-color wp-elements-8af71e932608ecc47ed45e4d02a5987a\">\n<li class=\"has-cyan-bluish-gray-color has-text-color has-link-color wp-elements-cd1554dfefe8a04cca7ac51e9c7bcabb\"><a href=\"#tukin-valmistus\">Aseen tukin valmistus<\/a><\/li>\n<\/ul>\n\n\n\n<ul class=\"wp-block-list\">\n<li id=\"mitta-tilaus\" class=\"has-cyan-bluish-gray-color has-text-color has-link-color wp-elements-3a084d06d0f332acc99642cafbe97f18\"><a href=\"#tukin-petaus\">Aseen tukin petaus<\/a><\/li>\n<\/ul>\n\n\n\n<ul class=\"wp-block-list\">\n<li class=\"has-cyan-bluish-gray-color has-text-color has-link-color wp-elements-ce972fc0107bc2747aef3605cf412ad6\"> <a href=\"#tukin-huolto\">Aseen tukin huolto<\/a><\/li>\n<\/ul>\n\n\n\n<ul class=\"wp-block-list has-black-color has-text-color has-link-color wp-elements-6880b4f559c787a9790b18c64e814065\">\n<li class=\"has-cyan-bluish-gray-color has-text-color has-link-color wp-elements-391c1eb8792c5f9ba114e1340a6b1d3b\"> <a href=\"#aseen-tukin\" data-type=\"internal\" data-id=\"#aseen-tukin-korjaus\">Aseen tukin muokkaus \/ korjaus<\/a><\/li>\n<\/ul>\n\n\n\n<ul class=\"wp-block-list\">\n<li class=\"has-cyan-bluish-gray-color has-text-color has-link-color wp-elements-ac50e2845b554e4d549c79547374daa6\"><a href=\"#hihnalenkkien-kiinnitys\">Hihnalenkkien kiinnitys<\/a><\/li>\n<\/ul>\n\n\n\n<h2 class=\"wp-block-heading has-text-align-left\" style=\"font-size:25px\"><strong>Mittatilaustukit<\/strong><\/h2>\n\n\n\n<h3 class=\"wp-block-heading has-medium-font-size\">Ase sovitetaan ampujalle, ei toisin p\u00e4in<\/h3>\n\n\n\n<h3 class=\"wp-block-heading has-medium-font-size\">T\u00e4ysin yksil\u00f6llisesti mittojen mukaan valmistetut tukit mets\u00e4stys- ja urheiluaseisiin.<\/h3>\n\n\n\n<p class=\"has-text-align-left\">Mittatilaustukkien valmistus alkaa asiakkaan toiveesta tai tarpeesta.<\/p>\n\n\n\n<p>Laadukkaasti tehty mittatilaustukki parantaa ampujan asentoa, hallittavuutta ja osumatarkkuutta. Ammattitaitoinen tukkisepp\u00e4 varmistaa ett\u00e4 ase sopii t\u00e4ydellisesti: <\/p>\n\n\n\n<ul class=\"wp-block-list\">\n<li>ampujan mittoihin<\/li>\n<\/ul>\n\n\n\n<ul class=\"wp-block-list\">\n<li>lajiin ja k\u00e4ytt\u00f6tarkoitukseen<\/li>\n<\/ul>\n\n\n\n<ul class=\"wp-block-list\">\n<li>yksil\u00f6lliseen ampumatyyliin<\/li>\n<\/ul>\n\n\n\n<p>Samalla huomioidaan rekyylin hallinta ja ergonomia, jotka vaikuttavat suoraan ampumamukavuuteen ja suoritukseen.<\/p>\n\n\n\n<p class=\"has-text-align-left\">Mittatilaustuotteiden valmistus aloitetaan suunnittelulla ja mitoituksella, jos kyse on kiv\u00e4\u00e4rin tukista tai haulikon per\u00e4st\u00e4.<\/p>\n\n\n\n<p id=\"tukin-valmistus\">K\u00e4sity\u00f6n m\u00e4\u00e4r\u00e4 mittatilaustuotteissa on suuri. Kaikki tuotteen ty\u00f6vaiheet k\u00e4yd\u00e4\u00e4n tarkasti ja huolella l\u00e4pi, jotta voidaan taata paras mahdollinen lopputulos, joka kest\u00e4\u00e4 sek\u00e4 k\u00e4yt\u00f6n aiheuttamaa rasitusta, ett\u00e4 my\u00f6s visuaalisen puolen kriittist\u00e4 tarkastelua.<\/p>\n\n\n\n<h2 class=\"wp-block-heading has-text-align-left\" style=\"font-size:25px\"><strong>Aseen tukin valmistus<\/strong><\/h2>\n\n\n\n<p class=\"has-text-align-left\">Satakunnan Ase valmistaa oman malliston tukkeja kaikkiin aseisiin sek\u00e4 mittatilaustukkeja asiakkaan mitat ja toiveet huomioiden.<\/p>\n\n\n\n<p class=\"has-text-align-left\">Aseen tukit valmistetaan p\u00e4hkin\u00e4puusta, koivusta tai laminaatista asiakkaan toiveiden, mieltymysten ja k\u00e4ytt\u00f6kohteen vaatimusten mukaan.<\/p>\n\n\n\n<p class=\"has-text-align-left\">Etenkin haulikon perien osalta asiakkaan mitat otetaan huomioon ja tukki valmistetaan sopimaan niin ampujan mittoihin kuin ampumatapaan, koska haulikolla ei t\u00e4hd\u00e4t\u00e4 samalla tavalla kuin kiv\u00e4\u00e4rill\u00e4 t\u00e4ht\u00e4imien tai kiikarin l\u00e4pi, vaan se muistuttaa enemm\u00e4nkin vaistojousella ampumista, jossa liikeradat ja ennakot ovat hioutuneet toistojen my\u00f6t\u00e4 lihasmuistiin ja ase toimii ampujan vaistojen jatkeena.<\/p>\n\n\n\n<p class=\"has-text-align-left\">Jotta haulikolla ampuja saisi kaiken irti ampumisesta, t\u00e4ytyy tukin olla mitoitettu oikein, ettei ampumisen aikana tarvitse korjata aseen asentoa poskella, vaan ase nousee joka nostolla samalla tavalla, ja asettuu oikein ilman ylim\u00e4\u00e4r\u00e4isi\u00e4 korjausliikkeit\u00e4.<\/p>\n\n\n\n<p class=\"has-text-align-left\" id=\"tukin-petaus\">Tilattuun tukkiin voi valita karhennukset jotka valmistetaan joko leikkaamalla tai ly\u00f6m\u00e4ll\u00e4.<\/p>\n\n\n\n<h2 class=\"wp-block-heading has-text-align-left\" style=\"font-size:25px\"><strong>Aseen tukin petaus<\/strong><\/h2>\n\n\n\n<p>Aseen petaus <\/p>\n\n\n\n<p>Petaus parantaa aseen toimintavarmuutta ja toistettavuutta.<\/p>\n\n\n\n<p>Petaukset jaetaan p\u00e4\u00e4asiallisesti kahteen ryhm\u00e4\u00e4n, tavallinen petaus ja pilaripetaus.<\/p>\n\n\n\n<p class=\"has-text-align-left\">Tavallinen petaus suoritetaan poistamalla tarpeen mukaan puuta pedattavalta alalta ja lis\u00e4\u00e4m\u00e4ll\u00e4 poistetulle alalle petausmassaa, johon aseen raudat painetaan. N\u00e4in saadaan uusi ja tarkka sovitus raudoille.<\/p>\n\n\n\n<p class=\"has-text-align-left\">Pilaripetaus suoritetaan muuten samalla tapaa kuin tavallinen petaus, mutta tukissa on erilliset pilarit joita vasten raudat kiristet\u00e4\u00e4n. T\u00e4ll\u00e4 estet\u00e4\u00e4n esimerkiksi tukin puuaineksen el\u00e4minen ja kasaan puristuminen.<\/p>\n\n\n\n<p class=\"has-text-align-left\" id=\"tukin-huolto\">Pilaripetauksella v\u00e4hennet\u00e4\u00e4n rautojen ep\u00e4tasaista kiristymist\u00e4 esimerkiksi ilmankosteuden muuttuessa ja vuodenaikojen vaihtuessa.<\/p>\n\n\n\n<h2 class=\"wp-block-heading has-text-align-left\" style=\"font-size:25px\"><strong>Aseen tukin huolto<\/strong><\/h2>\n\n\n\n<p class=\"has-text-align-left\">Yleisimm\u00e4t huoltoty\u00f6t johtuvat tukkien normaalista kulumisesta, kuten lakkauksen halkeilusta, naarmuista tai karhennusten ja tukin pinnan kulumisesta.<\/p>\n\n\n\n<p class=\"has-text-align-left\">Karhennusten osalta korjaus on karhennusten aukaisu ja syvent\u00e4minen.<\/p>\n\n\n\n<p class=\"has-text-align-left\">Jos aseen per\u00e4 on \u00f6ljytty niin pienist\u00e4 kulumista selvi\u00e4\u00e4 kerroksella s\u00e4vytetty\u00e4 \u00f6ljy\u00e4.<\/p>\n\n\n\n<p class=\"has-text-align-left\" id=\"aseen-tukin\">Jos tukki on lakattu ja lakkaus on pahoin kulunut, halkeillut ja muutenkin parhaat p\u00e4iv\u00e4ns\u00e4 n\u00e4hnyt, on paras vaihtoehto poistaa kaikki vanha lakka tukista ja hioa koko tukki puhtaaksi. T\u00e4m\u00e4n j\u00e4lkeen tukki petsataan, jos se on tarpeen, ja \u00f6ljyt\u00e4\u00e4n. \u00f6ljy\u00e4 kannattaa k\u00e4ytt\u00e4\u00e4 lakan sijaan, koska \u00f6ljytyn pinnan huolto on helpompaan ja \u00f6ljytty pinta my\u00f6s vanhenee arvokkaammin.<\/p>\n\n\n\n<h2 class=\"wp-block-heading has-text-align-left\" style=\"font-size:25px\"><strong>Aseen tukin korjaus \/ muokkaus<\/strong><\/h2>\n\n\n\n<p class=\"has-text-align-left\">Aseet, kuten my\u00f6s niiden tukit, kuluvat k\u00e4yt\u00f6ss\u00e4 ajan my\u00f6t\u00e4. S\u00e4\u00e4nn\u00f6llisell\u00e4 huollolla tukin k\u00e4ytt\u00f6ik\u00e4\u00e4 pystyt\u00e4\u00e4n pident\u00e4m\u00e4\u00e4n, mutta ennen pitk\u00e4\u00e4 tukin korjaus on edess\u00e4.<\/p>\n\n\n\n<p class=\"has-text-align-left\">Korjaustapa riippuu tukin kuluneisuudesta sek\u00e4 halutusta lopputuloksesta.<\/p>\n\n\n\n<p class=\"has-text-align-left\">Asiansa osaava tukkisepp\u00e4 on apu paikallaan jos karhennukset ovat kuluneet ja niit\u00e4 joudutaan korjaamaan.<\/p>\n\n\n\n<p class=\"has-text-align-left\"> Tukin pinnan hiominen ja \u00f6ljy\u00e4minen, petaus sek\u00e4 pienten halkeamien korjaaminen, kuuluu my\u00f6s tukkisep\u00e4n p\u00e4ivitt\u00e4iseen ty\u00f6h\u00f6n.<\/p>\n\n\n\n<p class=\"has-text-align-left\">Usein aseen tukki rikkoutuu kaulalta, kun rekyylivaste ei ole sovitettu oikein eik\u00e4 johda aseen rekyyli\u00e4 hallitusti tukkiin, vaan rekyyli p\u00e4\u00e4see iskem\u00e4\u00e4n aseen raudat suoraan tukin kaulalle. T\u00e4m\u00e4n tyyppisen vian korjaaminen alkaa sill\u00e4, ett\u00e4 sovitetaan rekyylivaste uudestaan niin, ett\u00e4 rekyyli ohjautuu hallitusti aseen raudoista tukkiin. Kun vika on poistettu niin voidaan aloittaa rikkoutuneen tukin korjaaminen.<\/p>\n\n\n\n<p class=\"has-text-align-left\">Jos tukki on haljennut siististi, eik\u00e4 halkeamassa ole \u00f6ljy\u00e4 tai muita ep\u00e4puhtauksia, halkeama on mahdollista liimata. Yleens\u00e4 t\u00e4m\u00e4 ei riit\u00e4, joten lis\u00e4ksi tukkia voidaan joutua tapittamaan tai vahvistamaan kauttaaltaa muilla tavoin.<\/p>\n\n\n\n<p class=\"has-text-align-left\">Valmista aseen tukkia voidaan my\u00f6s muokata sopimaan ampujan mittoihin. Per\u00e4\u00e4 voidaan lyhent\u00e4\u00e4 tai pident\u00e4\u00e4, tai asentaa tarpeen mukaan s\u00e4\u00e4dett\u00e4v\u00e4 poskipakka ja per\u00e4levy, n\u00e4m\u00e4 korjaavat asesopivuutta ja lis\u00e4\u00e4v\u00e4t k\u00e4ytett\u00e4vyytt\u00e4. Puolivalmiisiin tukkiaihioihin voidaan my\u00f6s tehd\u00e4 sovitteet aseen raudoille.<\/p>\n\n\n\n<h2 class=\"wp-block-heading\" style=\"font-size:25px\"><strong>Poskipakan asennus haulikkoon<\/strong><\/h2>\n\n\n\n<p>Tehokas tapa s\u00e4\u00e4t\u00e4\u00e4 osumakuvio juuri ampujalle sopivaksi.<\/p>\n\n\n\n<h2 class=\"wp-block-heading\" id=\"hihnalenkkien-kiinnitys\" style=\"font-size:25px\"><strong>Hihnalenkkien kiinnitys<\/strong><\/h2>\n\n\n\n<p class=\"has-text-align-left\">Hihnalenkkien kiinnitys voi tuntua aika pienelt\u00e4 hommalta, jonka voi helposti itsekin tehd\u00e4, mutta siin\u00e4 on monta paikkaa jossa voi menn\u00e4 vikaan.<\/p>\n\n\n\n<p class=\"has-text-align-left\">Jos ei ole aivan varma mit\u00e4 tekee ja miten tekee, on yksi hyv\u00e4 vaihtoehto teett\u00e4\u00e4 ty\u00f6 tukkisep\u00e4ll\u00e4.<\/p>\n\n\n\n<p class=\"has-text-align-left\">Jos kuitenkin asennat hihnalenkit itse, niin on joitain asioita joihin kannatta uhrata ajatus tai kaksi.<\/p>\n\n\n\n<p class=\"has-text-align-left\">Tukkiaines, joka on saanut kuivua hyvin ja jossa puunsyyt menev\u00e4t viel\u00e4 hieman ep\u00e4m\u00e4\u00e4r\u00e4isesti, voi herk\u00e4sti haljeta tai lohjeta, mik\u00e4 t\u00e4ytyy muistaa kiert\u00e4ess\u00e4 hihnalenkki\u00e4 puuhun.<\/p>\n\n\n\n<p class=\"has-text-align-left\">My\u00f6s hyv\u00e4t ty\u00f6kalut auttavat hihnalenkkien asennuksessa, oikeilla ty\u00f6kaluilla saadaan siistit ja ter\u00e4v\u00e4t sovitukset. Mik\u00e4\u00e4n ei pist\u00e4 silm\u00e4\u00e4n niin pahasti kuin ensiluokkainen per\u00e4 kauniilla puulla, jossa hihnalenkin sovitteet ovat kuin el\u00e4imen repim\u00e4t.<\/p>\n\n\n\n<p class=\"has-text-align-left\">T\u00e4ss\u00e4 muutamia asioita, jotka ovat hyv\u00e4 muistaa jos asentaa hihnalenkkej\u00e4 itse.<\/p>\n\n\n\n<p class=\"has-text-align-center has-cyan-bluish-gray-color has-text-color has-link-color wp-elements-d1398cafc5c35ebef47d0c31be0886a8\"><a href=\"#yl\u00f6s-palvelut\">Alkuun<\/a><\/p>\n\n\n\n<p class=\"has-text-align-center has-cyan-bluish-gray-color has-text-color has-link-color wp-elements-d7d75182ac46781942ee068d2f0782ff\"><a href=\"https:\/\/satakunnanase.fi\/index.php\/yhteystiedot\/\" data-type=\"page\" data-id=\"23\">Yhteystiedot<\/a><\/p>\n","protected":false},"excerpt":{"rendered":"<p>Mittatilaustukit Ase sovitetaan ampujalle, ei toisin p\u00e4in T\u00e4ysin yksil\u00f6llisesti mittojen mukaan valmistetut tukit mets\u00e4stys- ja urheiluaseisiin. Mittatilaustukkien valmistus alkaa asiakkaan toiveesta tai tarpeesta. Laadukkaasti tehty mittatilaustukki parantaa ampujan asentoa, hallittavuutta ja osumatarkkuutta. Ammattitaitoinen tukkisepp\u00e4 varmistaa ett\u00e4 ase sopii t\u00e4ydellisesti: Samalla huomioidaan rekyylin hallinta ja ergonomia, jotka vaikuttavat suoraan ampumamukavuuteen ja suoritukseen. Mittatilaustuotteiden valmistus aloitetaan suunnittelulla ja mitoituksella, jos kyse on kiv\u00e4\u00e4rin tukista tai haulikon per\u00e4st\u00e4. K\u00e4sity\u00f6n m\u00e4\u00e4r\u00e4 mittatilaustuotteissa on suuri. Kaikki tuotteen ty\u00f6vaiheet k\u00e4yd\u00e4\u00e4n tarkasti ja huolella l\u00e4pi, jotta voidaan taata paras mahdollinen lopputulos, joka kest\u00e4\u00e4 sek\u00e4 k\u00e4yt\u00f6n aiheuttamaa rasitusta, ett\u00e4 my\u00f6s visuaalisen puolen kriittist\u00e4 tarkastelua. Aseen tukin valmistus Satakunnan Ase valmistaa oman malliston tukkeja kaikkiin aseisiin sek\u00e4 mittatilaustukkeja asiakkaan mitat ja toiveet huomioiden. Aseen tukit valmistetaan p\u00e4hkin\u00e4puusta, koivusta tai laminaatista asiakkaan toiveiden, mieltymysten ja k\u00e4ytt\u00f6kohteen vaatimusten mukaan. Etenkin haulikon perien osalta asiakkaan mitat otetaan huomioon ja tukki valmistetaan sopimaan niin ampujan mittoihin kuin ampumatapaan, koska haulikolla ei t\u00e4hd\u00e4t\u00e4 samalla&hellip;<\/p>\n<p> <a class=\"more-link\" href=\"https:\/\/satakunnanase.fi\/index.php\/palvelut\/\">Lue Lis\u00e4\u00e4<\/a><\/p>\n","protected":false},"author":1,"featured_media":101,"parent":0,"menu_order":0,"comment_status":"closed","ping_status":"closed","template":"","meta":{"footnotes":""},"class_list":["post-21","page","type-page","status-publish","has-post-thumbnail"],"_links":{"self":[{"href":"https:\/\/satakunnanase.fi\/index.php\/wp-json\/wp\/v2\/pages\/21","targetHints":{"allow":["GET"]}}],"collection":[{"href":"https:\/\/satakunnanase.fi\/index.php\/wp-json\/wp\/v2\/pages"}],"about":[{"href":"https:\/\/satakunnanase.fi\/index.php\/wp-json\/wp\/v2\/types\/page"}],"author":[{"embeddable":true,"href":"https:\/\/satakunnanase.fi\/index.php\/wp-json\/wp\/v2\/users\/1"}],"replies":[{"embeddable":true,"href":"https:\/\/satakunnanase.fi\/index.php\/wp-json\/wp\/v2\/comments?post=21"}],"version-history":[{"count":56,"href":"https:\/\/satakunnanase.fi\/index.php\/wp-json\/wp\/v2\/pages\/21\/revisions"}],"predecessor-version":[{"id":366,"href":"https:\/\/satakunnanase.fi\/index.php\/wp-json\/wp\/v2\/pages\/21\/revisions\/366"}],"wp:featuredmedia":[{"embeddable":true,"href":"https:\/\/satakunnanase.fi\/index.php\/wp-json\/wp\/v2\/media\/101"}],"wp:attachment":[{"href":"https:\/\/satakunnanase.fi\/index.php\/wp-json\/wp\/v2\/media?parent=21"}],"curies":[{"name":"wp","href":"https:\/\/api.w.org\/{rel}","templated":true}]}}